{"id":470,"date":"2025-12-07T16:26:22","date_gmt":"2025-12-07T16:26:22","guid":{"rendered":"https:\/\/www.puraesenciaaromas.com\/?page_id=470"},"modified":"2025-12-09T11:19:22","modified_gmt":"2025-12-09T11:19:22","slug":"navidad","status":"publish","type":"page","link":"https:\/\/www.puraesenciaaromas.com\/index.php\/navidad\/","title":{"rendered":"Navidad"},"content":{"rendered":"\t\t<div data-elementor-type=\"wp-page\" data-elementor-id=\"470\" class=\"elementor elementor-470\">\n\t\t\t\t<div class=\"elementor-element elementor-element-418feff e-con-full e-flex wpr-particle-no wpr-jarallax-no wpr-parallax-no wpr-sticky-section-no e-con e-parent\" data-id=\"418feff\" data-element_type=\"container\" data-e-type=\"container\" data-settings=\"{&quot;background_background&quot;:&quot;classic&quot;}\">\n\t\t\t\t<div class=\"elementor-element elementor-element-8d351fc elementor-widget elementor-widget-html\" data-id=\"8d351fc\" data-element_type=\"widget\" data-e-type=\"widget\" data-widget_type=\"html.default\">\n\t\t\t\t\t<div class=\"navidad-marquee\">\n  <h2 class=\"titulo-navidad-mov\">\n    Colecci\u00f3n Navidad \u2728 Colecci\u00f3n Navidad \u2728 Colecci\u00f3n Navidad \u2728 Colecci\u00f3n Navidad \u2728\n  <\/h2>\n<\/div>\n\n<style>\n  .navidad-marquee {\n    width: 100%;\n    overflow: hidden;\n    white-space: nowrap;\n  }\n\n  .titulo-navidad-mov {\n    display: inline-block;\n    font-size: 40px;\n    font-weight: 700; \/* negrita *\/\n    color: #ffffff; \/* blanco *\/\n    text-transform: uppercase;\n    letter-spacing: 0.1em;\n    animation: navidadScroll 12s linear infinite;\n  }\n\n  @keyframes navidadScroll {\n    0% {\n      transform: translateX(-100%);\n    }\n    100% {\n      transform: translateX(100%);\n    }\n  }\n\n  \/* Ajuste en m\u00f3vil *\/\n  @media (max-width: 768px) {\n    .titulo-navidad-mov {\n      font-size: 28px;\n    }\n  }\n<\/style>\n\t\t\t\t<\/div>\n\t\t\t\t<\/div>\n\t\t<div class=\"elementor-element elementor-element-8d4e3df e-con-full e-flex wpr-particle-no wpr-jarallax-no wpr-parallax-no wpr-sticky-section-no e-con e-parent\" data-id=\"8d4e3df\" data-element_type=\"container\" data-e-type=\"container\">\n\t\t\t\t<div class=\"elementor-element elementor-element-7d9fed4 elementor-arrows-position-inside elementor-pagination-position-outside elementor-widget elementor-widget-image-carousel\" data-id=\"7d9fed4\" data-element_type=\"widget\" data-e-type=\"widget\" data-settings=\"{&quot;navigation&quot;:&quot;both&quot;,&quot;autoplay&quot;:&quot;yes&quot;,&quot;pause_on_hover&quot;:&quot;yes&quot;,&quot;pause_on_interaction&quot;:&quot;yes&quot;,&quot;autoplay_speed&quot;:5000,&quot;infinite&quot;:&quot;yes&quot;,&quot;speed&quot;:500}\" data-widget_type=\"image-carousel.default\">\n\t\t\t\t\t\t\t<div class=\"elementor-image-carousel-wrapper swiper\" role=\"region\" aria-roledescription=\"carousel\" aria-label=\"Carrusel de im\u00e1genes\" dir=\"ltr\">\n\t\t\t<div class=\"elementor-image-carousel swiper-wrapper\" aria-live=\"off\">\n\t\t\t\t\t\t\t\t<div class=\"swiper-slide\" role=\"group\" aria-roledescription=\"slide\" aria-label=\"1 de 5\"><figure class=\"swiper-slide-inner\"><img decoding=\"async\" class=\"swiper-slide-image\" src=\"https:\/\/www.puraesenciaaromas.com\/wp-content\/uploads\/2025\/12\/38-IMG_6530-768x1024.jpg\" alt=\"38-IMG_6530\" \/><\/figure><\/div><div class=\"swiper-slide\" role=\"group\" aria-roledescription=\"slide\" aria-label=\"2 de 5\"><figure class=\"swiper-slide-inner\"><img decoding=\"async\" class=\"swiper-slide-image\" src=\"https:\/\/www.puraesenciaaromas.com\/wp-content\/uploads\/2025\/12\/28-IMG_6539-768x1024.jpg\" alt=\"28-IMG_6539\" \/><\/figure><\/div><div class=\"swiper-slide\" role=\"group\" aria-roledescription=\"slide\" aria-label=\"3 de 5\"><figure class=\"swiper-slide-inner\"><img decoding=\"async\" class=\"swiper-slide-image\" src=\"https:\/\/www.puraesenciaaromas.com\/wp-content\/uploads\/2025\/12\/19-IMG_6549-768x1024.jpg\" alt=\"19-IMG_6549\" \/><\/figure><\/div><div class=\"swiper-slide\" role=\"group\" aria-roledescription=\"slide\" aria-label=\"4 de 5\"><figure class=\"swiper-slide-inner\"><img decoding=\"async\" class=\"swiper-slide-image\" src=\"https:\/\/www.puraesenciaaromas.com\/wp-content\/uploads\/2025\/12\/29-IMG_6537-768x1024.jpg\" alt=\"29-IMG_6537\" \/><\/figure><\/div><div class=\"swiper-slide\" role=\"group\" aria-roledescription=\"slide\" aria-label=\"5 de 5\"><figure class=\"swiper-slide-inner\"><img decoding=\"async\" class=\"swiper-slide-image\" src=\"https:\/\/www.puraesenciaaromas.com\/wp-content\/uploads\/2025\/12\/8-IMG_6560-768x1024.jpg\" alt=\"8-IMG_6560\" \/><\/figure><\/div>\t\t\t<\/div>\n\t\t\t\t\t\t\t\t\t\t\t\t<div class=\"elementor-swiper-button elementor-swiper-button-prev\" role=\"button\" tabindex=\"0\">\n\t\t\t\t\t\t<svg aria-hidden=\"true\" class=\"e-font-icon-svg e-eicon-chevron-left\" viewBox=\"0 0 1000 1000\" xmlns=\"http:\/\/www.w3.org\/2000\/svg\"><path d=\"M646 125C629 125 613 133 604 142L308 442C296 454 292 471 292 487 292 504 296 521 308 533L604 854C617 867 629 875 646 875 663 875 679 871 692 858 704 846 713 829 713 812 713 796 708 779 692 767L438 487 692 225C700 217 708 204 708 187 708 171 704 154 692 142 675 129 663 125 646 125Z\"><\/path><\/svg>\t\t\t\t\t<\/div>\n\t\t\t\t\t<div class=\"elementor-swiper-button elementor-swiper-button-next\" role=\"button\" tabindex=\"0\">\n\t\t\t\t\t\t<svg aria-hidden=\"true\" class=\"e-font-icon-svg e-eicon-chevron-right\" viewBox=\"0 0 1000 1000\" xmlns=\"http:\/\/www.w3.org\/2000\/svg\"><path d=\"M696 533C708 521 713 504 713 487 713 471 708 454 696 446L400 146C388 133 375 125 354 125 338 125 325 129 313 142 300 154 292 171 292 187 292 204 296 221 308 233L563 492 304 771C292 783 288 800 288 817 288 833 296 850 308 863 321 871 338 875 354 875 371 875 388 867 400 854L696 533Z\"><\/path><\/svg>\t\t\t\t\t<\/div>\n\t\t\t\t\n\t\t\t\t\t\t\t\t\t<div class=\"swiper-pagination\"><\/div>\n\t\t\t\t\t\t\t\t\t<\/div>\n\t\t\t\t\t\t<\/div>\n\t\t\t\t<\/div>\n\t\t<div class=\"elementor-element elementor-element-d3290a8 e-flex e-con-boxed wpr-particle-no wpr-jarallax-no wpr-parallax-no wpr-sticky-section-no e-con e-parent\" data-id=\"d3290a8\" data-element_type=\"container\" data-e-type=\"container\">\n\t\t\t\t\t<div class=\"e-con-inner\">\n\t\t\t\t<div class=\"elementor-element elementor-element-63f51ad elementor-widget elementor-widget-text-editor\" data-id=\"63f51ad\" data-element_type=\"widget\" data-e-type=\"widget\" data-widget_type=\"text-editor.default\">\n\t\t\t\t\t\t\t\t\t<p class=\"p1\"><span class=\"s1\">La Navidad huele a hogar, a calma y a momentos que reconfortan.<\/span><\/p><p class=\"p1\"><span class=\"s1\">Descubre nuestra colecci\u00f3n navide\u00f1a de <\/span><span class=\"s2\">quemadores, waxmelts y packs especiales<\/span><span class=\"s1\">, creados para llenar tu casa de luz y magia.<\/span><\/p><p class=\"p1\"><span class=\"s2\">Edici\u00f3n limitada.<\/span><\/p>\t\t\t\t\t\t\t\t<\/div>\n\t\t\t\t\t<\/div>\n\t\t\t\t<\/div>\n\t\t<div class=\"elementor-element elementor-element-bec0593 e-flex e-con-boxed wpr-particle-no wpr-jarallax-no wpr-parallax-no wpr-sticky-section-no e-con e-parent\" data-id=\"bec0593\" data-element_type=\"container\" data-e-type=\"container\" data-settings=\"{&quot;background_background&quot;:&quot;classic&quot;}\">\n\t\t\t\t\t<div class=\"e-con-inner\">\n\t\t\t\t<div class=\"elementor-element elementor-element-bfea4a7 elementor-widget elementor-widget-shortcode\" data-id=\"bfea4a7\" data-element_type=\"widget\" data-e-type=\"widget\" data-widget_type=\"shortcode.default\">\n\t\t\t\t\t\t\t<div class=\"elementor-shortcode\"><div class=\"woocommerce columns-4 \"><div class=\"woocommerce-notices-wrapper\"><\/div><p class=\"woocommerce-result-count\" role=\"alert\" aria-relevant=\"all\" >\n\tMostrando el \u00fanico resultado<\/p>\n<form class=\"woocommerce-ordering\" method=\"get\">\n\t\t<select\n\t\tname=\"orderby\"\n\t\tclass=\"orderby\"\n\t\t\t\t\taria-label=\"Pedido de la tienda\"\n\t\t\t>\n\t\t\t\t\t<option value=\"menu_order\"  selected='selected'>Orden predeterminado<\/option>\n\t\t\t\t\t<option value=\"popularity\" >Ordenar por popularidad<\/option>\n\t\t\t\t\t<option value=\"rating\" >Ordenar por puntuaci\u00f3n media<\/option>\n\t\t\t\t\t<option value=\"date\" >Ordenar por los \u00faltimos<\/option>\n\t\t\t\t\t<option value=\"price\" >Ordenar por precio: bajo a alto<\/option>\n\t\t\t\t\t<option value=\"price-desc\" >Ordenar por precio: alto a bajo<\/option>\n\t\t\t<\/select>\n\t<input type=\"hidden\" name=\"paged\" value=\"1\" \/>\n\t<\/form>\n<ul class=\"products columns-4\">\n<li class=\"product type-product post-405 status-publish first instock product_cat-navidad product_cat-quemadores has-post-thumbnail taxable shipping-taxable purchasable product-type-simple\">\n\t<a href=\"https:\/\/www.puraesenciaaromas.com\/index.php\/producto\/waxmelts-galleta-de-jengibre-edicion-limitada\/\" class=\"woocommerce-LoopProduct-link woocommerce-loop-product__link\"><img fetchpriority=\"high\" decoding=\"async\" width=\"300\" height=\"300\" src=\"https:\/\/www.puraesenciaaromas.com\/wp-content\/uploads\/2025\/12\/IMG_1206-300x300.webp\" class=\"attachment-woocommerce_thumbnail size-woocommerce_thumbnail\" alt=\"Quemador Pastel House (Edici\u00f3n limitada)\" srcset=\"https:\/\/www.puraesenciaaromas.com\/wp-content\/uploads\/2025\/12\/IMG_1206-300x300.webp 300w, https:\/\/www.puraesenciaaromas.com\/wp-content\/uploads\/2025\/12\/IMG_1206-150x150.webp 150w, https:\/\/www.puraesenciaaromas.com\/wp-content\/uploads\/2025\/12\/IMG_1206-100x100.webp 100w, https:\/\/www.puraesenciaaromas.com\/wp-content\/uploads\/2025\/12\/IMG_1206.webp 360w\" sizes=\"(max-width: 300px) 100vw, 300px\" \/><h2 class=\"woocommerce-loop-product__title\">Quemador Pastel House (Edici\u00f3n limitada)<\/h2>\n\t<span class=\"price\"><span class=\"woocommerce-Price-amount amount\"><bdi>14,00&nbsp;<span class=\"woocommerce-Price-currencySymbol\">&euro;<\/span><\/bdi><\/span><\/span>\n<\/a><a href=\"\/index.php\/wp-json\/wp\/v2\/pages\/470?add-to-cart=405\" aria-describedby=\"woocommerce_loop_add_to_cart_link_describedby_405\" data-quantity=\"1\" class=\"button product_type_simple add_to_cart_button ajax_add_to_cart\" data-product_id=\"405\" data-product_sku=\"QUEM-PASTEL\" aria-label=\"A\u00f1adir al carrito: &ldquo;Quemador Pastel House (Edici\u00f3n limitada)&rdquo;\" rel=\"nofollow\" data-success_message=\"\u00abQuemador Pastel House (Edici\u00f3n limitada)\u00bb se ha a\u00f1adido a tu carrito\" role=\"button\">A\u00f1adir al carrito<\/a>\t<span id=\"woocommerce_loop_add_to_cart_link_describedby_405\" class=\"screen-reader-text\">\n\t\t\t<\/span>\n<\/li>\n<\/ul>\n<\/div><\/div>\n\t\t\t\t\t\t<\/div>\n\t\t\t\t\t<\/div>\n\t\t\t\t<\/div>\n\t\t\t\t<\/div>\n\t\t","protected":false},"excerpt":{"rendered":"<p>Colecci\u00f3n Navidad \u2728 Colecci\u00f3n Navidad \u2728 Colecci\u00f3n Navidad \u2728 Colecci\u00f3n Navidad \u2728 La Navidad huele a hogar, a calma y a momentos que reconfortan. Descubre nuestra colecci\u00f3n navide\u00f1a de quemadores, waxmelts y packs especiales, creados para llenar tu casa de luz y magia. Edici\u00f3n limitada.<\/p>\n","protected":false},"author":1,"featured_media":0,"parent":0,"menu_order":0,"comment_status":"closed","ping_status":"closed","template":"","meta":{"footnotes":""},"class_list":["post-470","page","type-page","status-publish","hentry"],"_links":{"self":[{"href":"https:\/\/www.puraesenciaaromas.com\/index.php\/wp-json\/wp\/v2\/pages\/470","targetHints":{"allow":["GET"]}}],"collection":[{"href":"https:\/\/www.puraesenciaaromas.com\/index.php\/wp-json\/wp\/v2\/pages"}],"about":[{"href":"https:\/\/www.puraesenciaaromas.com\/index.php\/wp-json\/wp\/v2\/types\/page"}],"author":[{"embeddable":true,"href":"https:\/\/www.puraesenciaaromas.com\/index.php\/wp-json\/wp\/v2\/users\/1"}],"replies":[{"embeddable":true,"href":"https:\/\/www.puraesenciaaromas.com\/index.php\/wp-json\/wp\/v2\/comments?post=470"}],"version-history":[{"count":13,"href":"https:\/\/www.puraesenciaaromas.com\/index.php\/wp-json\/wp\/v2\/pages\/470\/revisions"}],"predecessor-version":[{"id":556,"href":"https:\/\/www.puraesenciaaromas.com\/index.php\/wp-json\/wp\/v2\/pages\/470\/revisions\/556"}],"wp:attachment":[{"href":"https:\/\/www.puraesenciaaromas.com\/index.php\/wp-json\/wp\/v2\/media?parent=470"}],"curies":[{"name":"wp","href":"https:\/\/api.w.org\/{rel}","templated":true}]}}